{"id":99637,"date":"2024-10-24T21:19:06","date_gmt":"2024-10-24T19:19:06","guid":{"rendered":"https:\/\/kolar.si\/?post_type=product&#038;p=99637"},"modified":"2025-08-15T22:55:25","modified_gmt":"2025-08-15T20:55:25","slug":"moska-turkizna-crna-srajca","status":"publish","type":"product","link":"https:\/\/kolar.si\/en\/product\/moska-turkizna-crna-srajca\/","title":{"rendered":"Mo\u0161ka turkizna &#8211; \u010drna srajca"},"content":{"rendered":"<div class=\"col-md-12\"><\/div>\n<div><\/div>\n<p>&nbsp;<\/p>","protected":false},"excerpt":{"rendered":"<p>Elegantna mo\u0161ka srajca z dolgimi rokavi v turkizni barvi in dvojni \u010drnim ovratnikom. Srajca je primerna za posebne prilo\u017enosti, ali kot del poslovne obleke s kravato. Kombinirate jo lahko tudi za vsak dan, na elegantne hla\u010de ali jeans.<\/p>\n<p>Pri izbiri ustrezne velikosti si prosimo pomagajte z enostavnim vodnikom, ki ga najdete na zavihku\u00a0<strong><a title=\"Tabela velikosti\" href=\"https:\/\/kolar.si\/en\/tabela-velikosti\/\" target=\"_blank\" rel=\"noopener noreferrer\">&#8220;tabela velikosti&#8221;<\/a><\/strong><\/p>\n<p>V primeru dodatnih vpra\u0161anj nas lahko kontaktirate na e-mail:\u00a0<strong>info@kolar.si<\/strong>\u00a0ali tel.\u00a0<strong>031 588 611.<\/strong><\/p>\n<ul>\n<li>Material: 100 % bomba\u017e (\u010dudovita gladka satenasta struktura)<\/li>\n<li>Dolg rokav<\/li>\n<li>Dvojni ovratnik<\/li>\n<li>Slim fit (teliran kroj) od S do 3XL<\/li>\n<li>Regular fit (raven kroj) 4XL in 5 XL<\/li>\n<\/ul>\n<p><img decoding=\"async\" class=\"alignnone wp-image-23787\" src=\"https:\/\/kolar.si\/wp-content\/uploads\/2018\/09\/shipping-icon-70685-300x300.png\" alt=\"shipping-icon-70685\" width=\"30\" height=\"30\" \/>\u00a0<strong>Dostava v 1-2 delovnih dni!<\/strong><\/p>\n<div class=\"col-md-12\"><img decoding=\"async\" class=\"alignnone wp-image-23787\" src=\"https:\/\/kolar.si\/wp-content\/uploads\/2018\/09\/shipping-icon-70685-300x300.png\" alt=\"shipping-icon-70685\" width=\"30\" height=\"30\" \/>\u00a0<strong>Brezpla\u010dna dostava nad 80\u20ac!<\/strong><\/div>\n<div>\n<p>&nbsp;<\/p>\n<p><strong><span style=\"color: var(--durotan-text-main-color); font-family: var(--durotan-font-main);\">Navodila za vzdr\u017eevanje<\/span><\/strong><\/p>\n<p>Pranje v pralnem stroju pri nizkih obratih o\u017eemanja na 30 \u2103. Srajco takoj po pranju mo\u010dno strkajte in obesite na obe\u0161alnik, da se posu\u0161i. Odsvetujemo su\u0161enje v su\u0161ilnem stroju.<\/p>\n<\/div>","protected":false},"featured_media":99646,"comment_status":"open","ping_status":"closed","template":"","meta":{"_monsterinsights_skip_tracking":false,"_monsterinsights_sitenote_active":false,"_monsterinsights_sitenote_note":"","_monsterinsights_sitenote_category":0},"product_cat":[51,52,92],"product_tag":[208,184,216,253],"class_list":{"0":"post-99637","1":"product","2":"type-product","3":"status-publish","4":"has-post-thumbnail","6":"product_cat-dolg-rokav","7":"product_cat-moske-srajce","8":"product_cat-moske-srajce-dolg-rokav","9":"product_tag-dolg-rokav","10":"product_tag-moska-srajca","11":"product_tag-moska-srajca-dolg-rokav","12":"product_tag-turkizna-moska-srajca","13":"pa_velikost-s-slim-fit","14":"pa_velikost-m-slim-fit","15":"pa_velikost-l-slim-fit","16":"pa_velikost-xl-slim-fit","17":"pa_velikost-xxl-slim-fit","18":"pa_velikost-xxxl-slim-fit","19":"pa_velikost-xxxxl-regular-fit","20":"pa_velikost-xxxxxl-regular-fit","22":"first","23":"instock","24":"sale","25":"shipping-taxable","26":"purchasable","27":"product-type-variable"},"_links":{"self":[{"href":"https:\/\/kolar.si\/en\/wp-json\/wp\/v2\/product\/99637"}],"collection":[{"href":"https:\/\/kolar.si\/en\/wp-json\/wp\/v2\/product"}],"about":[{"href":"https:\/\/kolar.si\/en\/wp-json\/wp\/v2\/types\/product"}],"replies":[{"embeddable":true,"href":"https:\/\/kolar.si\/en\/wp-json\/wp\/v2\/comments?post=99637"}],"wp:featuredmedia":[{"embeddable":true,"href":"https:\/\/kolar.si\/en\/wp-json\/wp\/v2\/media\/99646"}],"wp:attachment":[{"href":"https:\/\/kolar.si\/en\/wp-json\/wp\/v2\/media?parent=99637"}],"wp:term":[{"taxonomy":"product_cat","embeddable":true,"href":"https:\/\/kolar.si\/en\/wp-json\/wp\/v2\/product_cat?post=99637"},{"taxonomy":"product_tag","embeddable":true,"href":"https:\/\/kolar.si\/en\/wp-json\/wp\/v2\/product_tag?post=99637"}],"curies":[{"name":"wp","href":"https:\/\/api.w.org\/{rel}","templated":true}]}}