{"id":99520,"date":"2024-10-20T21:37:53","date_gmt":"2024-10-20T19:37:53","guid":{"rendered":"https:\/\/kolar.si\/?post_type=product&#038;p=99520"},"modified":"2026-04-13T07:45:19","modified_gmt":"2026-04-13T05:45:19","slug":"moska-rdeca-srajca-best","status":"publish","type":"product","link":"https:\/\/kolar.si\/en\/product\/moska-rdeca-srajca-best\/","title":{"rendered":"Mo\u0161ka rde\u010da srajca &#8220;BEST&#8221;"},"content":{"rendered":"<div class=\"col-md-12\"><\/div>\n<div><\/div>\n<p>&nbsp;<\/p>","protected":false},"excerpt":{"rendered":"<p>Elegantna mo\u0161ka srajca z dolgimi rokavi v rde\u010di barvi in dvojnim ovratnikom v \u010drni barvi. Srajco krasijo \u010drni gumbi z rde\u010do nitko in \u010dudovit detajl na man\u0161etnih rokavih. Srajca je primerna za posebne prilo\u017enosti, ali kot del poslovne obleke s kravato. Kombinirate jo lahko tudi za vsak dan, na elegantne hla\u010de ali jeans.<\/p>\n<p>Pri izbiri ustrezne velikosti si prosimo pomagajte z enostavnim vodnikom, ki ga najdete na zavihku\u00a0<strong><a title=\"Tabela velikosti\" href=\"https:\/\/kolar.si\/en\/tabela-velikosti\/\" target=\"_blank\" rel=\"noopener noreferrer\">&#8220;tabela velikosti&#8221;<\/a><\/strong><\/p>\n<p>V primeru dodatnih vpra\u0161anj nas lahko kontaktirate na e-mail:\u00a0<strong>info@kolar.si<\/strong>\u00a0ali tel.\u00a0<strong>031 588 611.<\/strong><\/p>\n<ul>\n<li>Material: 97 % bomba\u017e, 3 % elastan<\/li>\n<li>Dolg rokav<\/li>\n<li>Dvojni ovratnik<\/li>\n<li>Slim fit (teliran kroj) od S do 3XL<\/li>\n<li>Regular fit (raven kroj) 4XL in 5 XL<\/li>\n<\/ul>\n<p><img decoding=\"async\" class=\"alignnone wp-image-23787\" src=\"https:\/\/kolar.si\/wp-content\/uploads\/2018\/09\/shipping-icon-70685-300x300.png\" alt=\"shipping-icon-70685\" width=\"30\" height=\"30\" \/>\u00a0<strong>Dostava v 1-2 delovnih dni!<\/strong><\/p>\n<div class=\"col-md-12\"><img decoding=\"async\" class=\"alignnone wp-image-23787\" src=\"https:\/\/kolar.si\/wp-content\/uploads\/2018\/09\/shipping-icon-70685-300x300.png\" alt=\"shipping-icon-70685\" width=\"30\" height=\"30\" \/>\u00a0<strong>Brezpla\u010dna dostava nad 80\u20ac!<\/strong><\/div>\n<div>\n<p>&nbsp;<\/p>\n<p><strong><span style=\"color: var(--durotan-text-main-color); font-family: var(--durotan-font-main);\">Navodila za vzdr\u017eevanje<\/span><\/strong><\/p>\n<p>Pranje v pralnem stroju pri nizkih obratih o\u017eemanja na 30 \u2103. Srajco takoj po pranju mo\u010dno strkajte in obesite na obe\u0161alnik, da se posu\u0161i. Odsvetujemo uporabo su\u0161ilnega stroja.<\/p>\n<\/div>","protected":false},"featured_media":99606,"comment_status":"open","ping_status":"closed","template":"","meta":{"_monsterinsights_skip_tracking":false,"_monsterinsights_sitenote_active":false,"_monsterinsights_sitenote_note":"","_monsterinsights_sitenote_category":0},"product_cat":[51,52,92],"product_tag":[245,210,184,216,243,244,207],"class_list":{"0":"post-99520","1":"product","2":"type-product","3":"status-publish","4":"has-post-thumbnail","6":"product_cat-dolg-rokav","7":"product_cat-moske-srajce","8":"product_cat-moske-srajce-dolg-rokav","9":"product_tag-elegantne-moske-srajce","10":"product_tag-moska-rdeca-srajca","11":"product_tag-moska-srajca","12":"product_tag-moska-srajca-dolg-rokav","13":"product_tag-moske-srajce-dolg-rokav","14":"product_tag-moske-srajce-z-dolgimi-rokavi","15":"product_tag-rdeca-srajca","16":"pa_velikost-s-slim-fit","17":"pa_velikost-m-slim-fit","18":"pa_velikost-l-slim-fit","19":"pa_velikost-xl-slim-fit","20":"pa_velikost-xxl-slim-fit","21":"pa_velikost-xxxl-slim-fit","22":"pa_velikost-xxxxl-regular-fit","23":"pa_velikost-xxxxxl-regular-fit","25":"first","26":"instock","27":"shipping-taxable","28":"purchasable","29":"product-type-variable"},"_links":{"self":[{"href":"https:\/\/kolar.si\/en\/wp-json\/wp\/v2\/product\/99520"}],"collection":[{"href":"https:\/\/kolar.si\/en\/wp-json\/wp\/v2\/product"}],"about":[{"href":"https:\/\/kolar.si\/en\/wp-json\/wp\/v2\/types\/product"}],"replies":[{"embeddable":true,"href":"https:\/\/kolar.si\/en\/wp-json\/wp\/v2\/comments?post=99520"}],"wp:featuredmedia":[{"embeddable":true,"href":"https:\/\/kolar.si\/en\/wp-json\/wp\/v2\/media\/99606"}],"wp:attachment":[{"href":"https:\/\/kolar.si\/en\/wp-json\/wp\/v2\/media?parent=99520"}],"wp:term":[{"taxonomy":"product_cat","embeddable":true,"href":"https:\/\/kolar.si\/en\/wp-json\/wp\/v2\/product_cat?post=99520"},{"taxonomy":"product_tag","embeddable":true,"href":"https:\/\/kolar.si\/en\/wp-json\/wp\/v2\/product_tag?post=99520"}],"curies":[{"name":"wp","href":"https:\/\/api.w.org\/{rel}","templated":true}]}}