{"id":98648,"date":"2023-09-09T21:40:00","date_gmt":"2023-09-09T19:40:00","guid":{"rendered":"https:\/\/kolar.si\/?post_type=product&#038;p=98648"},"modified":"2026-04-08T08:38:38","modified_gmt":"2026-04-08T06:38:38","slug":"moska-svetlo-modra-srajca-elegance","status":"publish","type":"product","link":"https:\/\/kolar.si\/en\/product\/moska-svetlo-modra-srajca-elegance\/","title":{"rendered":"MO\u0160KA SVETLO MODRA SRAJCA &#8211; ELEGANCE"},"content":{"rendered":"<div class=\"col-md-12\"><\/div>\n<div><\/div>\n<p>&nbsp;<\/p>","protected":false},"excerpt":{"rendered":"<p>Elegantna svetlo modra mo\u0161ka srajca, s \u010dudovitim vzor\u010dastim dvojnim ovratnikom. Srajca je primerna za posebne prilo\u017enosti ali kot del poslovne obleke s kravato. Kombinirate jo lahko tudi za vsak dan, na elegantne hla\u010de ali jeans.<\/p>\n<p>Pri izbiri ustrezne velikosti si prosimo pomagajte z enostavnim vodnikom, ki ga najdete na zavihku\u00a0<strong><a title=\"Tabela velikosti\" href=\"https:\/\/kolar.si\/en\/tabela-velikosti\/\" target=\"_blank\" rel=\"noopener noreferrer\">&#8220;tabela velikosti&#8221;<\/a><\/strong><\/p>\n<p>V primeru dodatnih vpra\u0161anj nas lahko kontaktirate na e-mail:\u00a0<strong>info@kolar.si<\/strong>\u00a0ali tel.\u00a0<strong>031 588 611.<\/strong><\/p>\n<ul>\n<li>Material: 100 % bomba\u017e<\/li>\n<li>Dolg rokav<\/li>\n<li>Dvojni ovratnik<\/li>\n<li>Slim fit kroj od S do 3XL<\/li>\n<li>Regular fit kroj 4XL in 5 XL<\/li>\n<\/ul>\n<p><img decoding=\"async\" class=\"alignnone wp-image-23787\" src=\"https:\/\/kolar.si\/wp-content\/uploads\/2018\/09\/shipping-icon-70685-300x300.png\" alt=\"shipping-icon-70685\" width=\"30\" height=\"30\" \/>\u00a0<strong>Dostava v 1-2 delovnih dni!<\/strong><\/p>\n<div class=\"col-md-12\"><img decoding=\"async\" class=\"alignnone wp-image-23787\" src=\"https:\/\/kolar.si\/wp-content\/uploads\/2018\/09\/shipping-icon-70685-300x300.png\" alt=\"shipping-icon-70685\" width=\"30\" height=\"30\" \/>\u00a0<strong>Brezpla\u010dna dostava nad 80\u20ac!<\/strong><\/div>\n<div>\n<p>&nbsp;<\/p>\n<p><strong><span style=\"color: var(--durotan-text-main-color); font-family: var(--durotan-font-main);\">Navodila za vzdr\u017eevanje<\/span><\/strong><\/p>\n<p>Pranje v pralnem stroju pri nizkih obratih o\u017eemanja na 30 \u2103. Srajco takoj po pranju mo\u010dno strkajte in obesite na obe\u0161alnik, da se posu\u0161i.<\/p>\n<\/div>","protected":false},"featured_media":98658,"comment_status":"open","ping_status":"closed","template":"","meta":{"_monsterinsights_skip_tracking":false,"_monsterinsights_sitenote_active":false,"_monsterinsights_sitenote_note":"","_monsterinsights_sitenote_category":0},"product_cat":[51,52,92],"product_tag":[208,184,215],"class_list":{"0":"post-98648","1":"product","2":"type-product","3":"status-publish","4":"has-post-thumbnail","6":"product_cat-dolg-rokav","7":"product_cat-moske-srajce","8":"product_cat-moske-srajce-dolg-rokav","9":"product_tag-dolg-rokav","10":"product_tag-moska-srajca","11":"product_tag-svetlo-modra-srajca","12":"pa_velikost-s-slim-fit","13":"pa_velikost-m-slim-fit","14":"pa_velikost-l-slim-fit","15":"pa_velikost-xl-slim-fit","16":"pa_velikost-xxl-slim-fit","17":"pa_velikost-xxxl-slim-fit","18":"pa_velikost-xxxxl-regular-fit","19":"pa_velikost-xxxxxl-regular-fit","21":"first","22":"instock","23":"shipping-taxable","24":"purchasable","25":"product-type-variable"},"_links":{"self":[{"href":"https:\/\/kolar.si\/en\/wp-json\/wp\/v2\/product\/98648"}],"collection":[{"href":"https:\/\/kolar.si\/en\/wp-json\/wp\/v2\/product"}],"about":[{"href":"https:\/\/kolar.si\/en\/wp-json\/wp\/v2\/types\/product"}],"replies":[{"embeddable":true,"href":"https:\/\/kolar.si\/en\/wp-json\/wp\/v2\/comments?post=98648"}],"wp:featuredmedia":[{"embeddable":true,"href":"https:\/\/kolar.si\/en\/wp-json\/wp\/v2\/media\/98658"}],"wp:attachment":[{"href":"https:\/\/kolar.si\/en\/wp-json\/wp\/v2\/media?parent=98648"}],"wp:term":[{"taxonomy":"product_cat","embeddable":true,"href":"https:\/\/kolar.si\/en\/wp-json\/wp\/v2\/product_cat?post=98648"},{"taxonomy":"product_tag","embeddable":true,"href":"https:\/\/kolar.si\/en\/wp-json\/wp\/v2\/product_tag?post=98648"}],"curies":[{"name":"wp","href":"https:\/\/api.w.org\/{rel}","templated":true}]}}