{"id":98310,"date":"2023-06-02T23:36:04","date_gmt":"2023-06-02T21:36:04","guid":{"rendered":"https:\/\/kolar.si\/?post_type=product&#038;p=98310"},"modified":"2025-08-15T23:25:01","modified_gmt":"2025-08-15T21:25:01","slug":"moska-srajca-white-and-red-summer","status":"publish","type":"product","link":"https:\/\/kolar.si\/en\/product\/moska-srajca-white-and-red-summer\/","title":{"rendered":"Mo\u0161ka srajca WHITE AND RED SUMMER"},"content":{"rendered":"","protected":false},"excerpt":{"rendered":"<p>Kvalitetna mo\u0161ka modna srajca v beli barvi in rde\u010dim <span style=\"color: var(--durotan-text-main-color); font-family: var(--durotan-font-main);\">dvojnim ovratnikom<\/span><span style=\"color: var(--durotan-text-main-color); font-family: var(--durotan-font-main);\">. Srajca je primerna za posebne prilo\u017enosti ali kot del poslovne obleke. Kombinirate jo lahko tudi za vsak dan, na elegantne hla\u010de ali jeans.<\/span><\/p>\n<p>Pri izbiri ustrezne velikosti si prosimo pomagajte z enostavnim vodnikom, ki ga najdete na zavihku\u00a0<strong><a title=\"Tabela velikosti\" href=\"https:\/\/kolar.si\/en\/tabela-velikosti\/\" target=\"_blank\" rel=\"noopener noreferrer\">&#8220;tabela velikosti&#8221;<\/a><\/strong>.<\/p>\n<p>V primeru dodatnih vpra\u0161anj nas lahko kontaktirate na e-mail: <strong>info@kolar.si<\/strong>\u00a0ali tel.\u00a0<strong>031 588 611.<\/strong><\/p>\n<p><strong>POSEBNOSTI<\/strong><\/p>\n<ul>\n<li>Bela srajca z rde\u010dim dvojnim ovratnikom<\/li>\n<li>Kratek rokav<\/li>\n<li>Material: 97 % bomba\u017e, 3 % elastan<\/li>\n<li>Slim fit kroj od S do 3XL<\/li>\n<li>Regular fit kroj 4XL in 5XL<\/li>\n<\/ul>\n<p><img decoding=\"async\" class=\"alignnone wp-image-23787\" src=\"https:\/\/kolar.si\/wp-content\/uploads\/2018\/09\/shipping-icon-70685-300x300.png\" alt=\"shipping-icon-70685\" width=\"30\" height=\"30\" \/>\u00a0<strong>Dostava v 1-2 delovnih dni!<\/strong><\/p>\n<div class=\"col-md-12\"><img decoding=\"async\" class=\"alignnone wp-image-23787\" src=\"https:\/\/kolar.si\/wp-content\/uploads\/2018\/09\/shipping-icon-70685-300x300.png\" alt=\"shipping-icon-70685\" width=\"30\" height=\"30\" \/>\u00a0<strong>Brezpla\u010dna dostava nad 80\u20ac!<\/strong><\/div>","protected":false},"featured_media":98557,"comment_status":"open","ping_status":"closed","template":"","meta":{"_monsterinsights_skip_tracking":false,"_monsterinsights_sitenote_active":false,"_monsterinsights_sitenote_note":"","_monsterinsights_sitenote_category":0},"product_cat":[58,52,94],"product_tag":[192,187,184],"class_list":{"0":"post-98310","1":"product","2":"type-product","3":"status-publish","4":"has-post-thumbnail","6":"product_cat-kratek-rokav","7":"product_cat-moske-srajce","8":"product_cat-moske-srajce-kratek-rokav","9":"product_tag-bela-srajca","10":"product_tag-kratek-rokav","11":"product_tag-moska-srajca","13":"first","14":"instock","15":"sale","16":"shipping-taxable","17":"purchasable","18":"product-type-variable"},"_links":{"self":[{"href":"https:\/\/kolar.si\/en\/wp-json\/wp\/v2\/product\/98310"}],"collection":[{"href":"https:\/\/kolar.si\/en\/wp-json\/wp\/v2\/product"}],"about":[{"href":"https:\/\/kolar.si\/en\/wp-json\/wp\/v2\/types\/product"}],"replies":[{"embeddable":true,"href":"https:\/\/kolar.si\/en\/wp-json\/wp\/v2\/comments?post=98310"}],"wp:featuredmedia":[{"embeddable":true,"href":"https:\/\/kolar.si\/en\/wp-json\/wp\/v2\/media\/98557"}],"wp:attachment":[{"href":"https:\/\/kolar.si\/en\/wp-json\/wp\/v2\/media?parent=98310"}],"wp:term":[{"taxonomy":"product_cat","embeddable":true,"href":"https:\/\/kolar.si\/en\/wp-json\/wp\/v2\/product_cat?post=98310"},{"taxonomy":"product_tag","embeddable":true,"href":"https:\/\/kolar.si\/en\/wp-json\/wp\/v2\/product_tag?post=98310"}],"curies":[{"name":"wp","href":"https:\/\/api.w.org\/{rel}","templated":true}]}}