{"id":97971,"date":"2023-03-17T23:40:05","date_gmt":"2023-03-17T21:40:05","guid":{"rendered":"https:\/\/kolar.si\/?post_type=product&#038;p=97971"},"modified":"2026-02-26T15:52:31","modified_gmt":"2026-02-26T13:52:31","slug":"moska-srajca-magenta-spring","status":"publish","type":"product","link":"https:\/\/kolar.si\/en\/product\/moska-srajca-magenta-spring\/","title":{"rendered":"Mo\u0161ka srajca MAGENTA SPRING"},"content":{"rendered":"","protected":false},"excerpt":{"rendered":"<p>Kvalitetna mo\u0161ka modna srajca ro\u017enato rde\u010de barve, s \u010drnim<span style=\"color: var(--durotan-text-main-color); font-family: var(--durotan-font-main);\"> dvojnim ovratnikom, ter \u010drnimi in cvetli\u010dnimi<\/span><span style=\"color: var(--durotan-text-main-color); font-family: var(--durotan-font-main);\">\u00a0detajli. Srajca je primerna za posebne prilo\u017enosti ali kot del poslovne obleke. Kombinirate jo lahko tudi za vsak dan, na elegantne hla\u010de ali jeans.<\/span><\/p>\n<p>Pri izbiri ustrezne velikosti si prosimo pomagajte z enostavnim vodnikom, ki ga najdete na zavihku\u00a0<strong><a title=\"Tabela velikosti\" href=\"https:\/\/kolar.si\/en\/tabela-velikosti\/\" target=\"_blank\" rel=\"noopener noreferrer\">&#8220;tabela velikosti&#8221;<\/a><\/strong>.<\/p>\n<p>V primeru dodatnih vpra\u0161anj nas lahko kontaktirate na e-mail: <strong>info@kolar.si<\/strong>\u00a0ali tel.\u00a0<strong>031 588 611.<\/strong><\/p>\n<p><strong>POSEBNOSTI<\/strong><\/p>\n<ul>\n<li>Material: 100% bomba\u017e<\/li>\n<li>Dvojni ovratnik<\/li>\n<li>Slim fit kroj od S do 3XL<\/li>\n<li>Regular fit kroj 4XL in 5XL<\/li>\n<\/ul>\n<p><img decoding=\"async\" class=\"alignnone wp-image-23787\" src=\"https:\/\/kolar.si\/wp-content\/uploads\/2018\/09\/shipping-icon-70685-300x300.png\" alt=\"shipping-icon-70685\" width=\"30\" height=\"30\" \/>\u00a0<strong>Dostava v 1-2 delovnih dni!<\/strong><\/p>\n<div class=\"col-md-12\"><img decoding=\"async\" class=\"alignnone wp-image-23787\" src=\"https:\/\/kolar.si\/wp-content\/uploads\/2018\/09\/shipping-icon-70685-300x300.png\" alt=\"shipping-icon-70685\" width=\"30\" height=\"30\" \/>\u00a0<strong>Brezpla\u010dna dostava nad 80\u20ac!<\/strong><\/div>","protected":false},"featured_media":98544,"comment_status":"open","ping_status":"closed","template":"","meta":{"_monsterinsights_skip_tracking":false,"_monsterinsights_sitenote_active":false,"_monsterinsights_sitenote_note":"","_monsterinsights_sitenote_category":0},"product_cat":[52,94],"product_tag":[185,187,197,184,196,195],"class_list":{"0":"post-97971","1":"product","2":"type-product","3":"status-publish","4":"has-post-thumbnail","6":"product_cat-moske-srajce","7":"product_cat-moske-srajce-kratek-rokav","8":"product_tag-kolar","9":"product_tag-kratek-rokav","10":"product_tag-magenta","11":"product_tag-moska-srajca","12":"product_tag-rdeca","13":"product_tag-roznata","14":"pa_velikost-s-slim-fit","15":"pa_velikost-m-slim-fit","16":"pa_velikost-l-slim-fit","17":"pa_velikost-xl-slim-fit","18":"pa_velikost-xxl-slim-fit","19":"pa_velikost-xxxl-slim-fit","20":"pa_velikost-xxxxl-regular-fit","21":"pa_velikost-xxxxxl-regular-fit","23":"first","24":"instock","25":"sale","26":"shipping-taxable","27":"purchasable","28":"product-type-variable"},"_links":{"self":[{"href":"https:\/\/kolar.si\/en\/wp-json\/wp\/v2\/product\/97971"}],"collection":[{"href":"https:\/\/kolar.si\/en\/wp-json\/wp\/v2\/product"}],"about":[{"href":"https:\/\/kolar.si\/en\/wp-json\/wp\/v2\/types\/product"}],"replies":[{"embeddable":true,"href":"https:\/\/kolar.si\/en\/wp-json\/wp\/v2\/comments?post=97971"}],"wp:featuredmedia":[{"embeddable":true,"href":"https:\/\/kolar.si\/en\/wp-json\/wp\/v2\/media\/98544"}],"wp:attachment":[{"href":"https:\/\/kolar.si\/en\/wp-json\/wp\/v2\/media?parent=97971"}],"wp:term":[{"taxonomy":"product_cat","embeddable":true,"href":"https:\/\/kolar.si\/en\/wp-json\/wp\/v2\/product_cat?post=97971"},{"taxonomy":"product_tag","embeddable":true,"href":"https:\/\/kolar.si\/en\/wp-json\/wp\/v2\/product_tag?post=97971"}],"curies":[{"name":"wp","href":"https:\/\/api.w.org\/{rel}","templated":true}]}}