{"id":97236,"date":"2022-12-20T00:08:09","date_gmt":"2022-12-19T22:08:09","guid":{"rendered":"https:\/\/kolar.si\/?post_type=product&#038;p=97236"},"modified":"2026-04-01T14:22:55","modified_gmt":"2026-04-01T12:22:55","slug":"moska-srajca-white-and-dark-blue-special","status":"publish","type":"product","link":"https:\/\/kolar.si\/en\/product\/moska-srajca-white-and-dark-blue-special\/","title":{"rendered":"Mo\u0161ka srajca &#8220;WHITE AND DARK BLUE&#8221; SPECIAL"},"content":{"rendered":"","protected":false},"excerpt":{"rendered":"<p>Mo\u0161ka modna srajca bele barve s temno modrimi detajli. Srajca je primerna za posebne prilo\u017enosti ali kot del poslovne obleke s kravato. Kombinirate jo lahko tudi za vsak dan, na elegantne hla\u010de ali jeans.<\/p>\n<p>Pri izbiri ustrezne velikosti si prosimo pomagajte z enostavnim vodnikom, ki ga najdete na zavihku\u00a0<strong><a title=\"Tabela velikosti\" href=\"https:\/\/kolar.si\/en\/tabela-velikosti\/\" target=\"_blank\" rel=\"noopener noreferrer\">&#8220;tabela velikosti&#8221;<\/a><\/strong>, s katerim si boste pomagali pri izbiri velikosti.<\/p>\n<p>Material: 100% bomba\u017e<\/p>","protected":false},"featured_media":97305,"comment_status":"open","ping_status":"closed","template":"","meta":{"_monsterinsights_skip_tracking":false,"_monsterinsights_sitenote_active":false,"_monsterinsights_sitenote_note":"","_monsterinsights_sitenote_category":0},"product_cat":[51,52,92],"product_tag":[],"class_list":{"0":"post-97236","1":"product","2":"type-product","3":"status-publish","4":"has-post-thumbnail","6":"product_cat-dolg-rokav","7":"product_cat-moske-srajce","8":"product_cat-moske-srajce-dolg-rokav","9":"pa_velikost-s-slim-fit","10":"pa_velikost-m-slim-fit","11":"pa_velikost-l-slim-fit","12":"pa_velikost-xl-slim-fit","13":"pa_velikost-xxl-slim-fit","14":"pa_velikost-xxxl-slim-fit","15":"pa_velikost-xxxxl-regular-fit","16":"pa_velikost-xxxxxl-regular-fit","18":"first","19":"outofstock","20":"shipping-taxable","21":"product-type-variable"},"_links":{"self":[{"href":"https:\/\/kolar.si\/en\/wp-json\/wp\/v2\/product\/97236"}],"collection":[{"href":"https:\/\/kolar.si\/en\/wp-json\/wp\/v2\/product"}],"about":[{"href":"https:\/\/kolar.si\/en\/wp-json\/wp\/v2\/types\/product"}],"replies":[{"embeddable":true,"href":"https:\/\/kolar.si\/en\/wp-json\/wp\/v2\/comments?post=97236"}],"wp:featuredmedia":[{"embeddable":true,"href":"https:\/\/kolar.si\/en\/wp-json\/wp\/v2\/media\/97305"}],"wp:attachment":[{"href":"https:\/\/kolar.si\/en\/wp-json\/wp\/v2\/media?parent=97236"}],"wp:term":[{"taxonomy":"product_cat","embeddable":true,"href":"https:\/\/kolar.si\/en\/wp-json\/wp\/v2\/product_cat?post=97236"},{"taxonomy":"product_tag","embeddable":true,"href":"https:\/\/kolar.si\/en\/wp-json\/wp\/v2\/product_tag?post=97236"}],"curies":[{"name":"wp","href":"https:\/\/api.w.org\/{rel}","templated":true}]}}