{"id":9460,"date":"2015-10-08T06:08:00","date_gmt":"2015-10-08T06:08:00","guid":{"rendered":"http:\/\/www.si.kolar.si\/izdelek\/zenska-kosulja-orange-twist\/"},"modified":"2025-10-29T16:27:14","modified_gmt":"2025-10-29T14:27:14","slug":"zenska-kosulja-orange-twist","status":"publish","type":"product","link":"https:\/\/kolar.si\/en\/product\/zenska-kosulja-orange-twist\/","title":{"rendered":"\u017denska srajca \u201cWHITE BLACK\u201d"},"content":{"rendered":"<p>\u017denska\u00a0modna srajca, znamke KOLAR, oblikovana po zadnjih modnih smernicah pod vodstvom znanih modnih oblikovalcev. Srajca\u00a0je skrbno izdelana iz najbolj\u0161ih tkanin v surovinski<a class=\"elsjfvhsh\" style=\"font-family: Georgia, 'Times New Roman', 'Bitstream Charter', Times, serif; font-size: 16px; font-style: normal; font-variant: normal; font-weight: normal; letter-spacing: normal; line-height: 19.2000007629395px; orphans: auto; text-align: start; text-indent: 0px; text-transform: none; white-space: normal; widows: 1; word-spacing: 0px; -webkit-text-stroke-width: 0px; background-color: #ffffff;\" title=\"Click to Continue &gt; by eDeals\" href=\"https:\/\/kolar.si\/wp-admin\/post.php?post=8440&amp;action=edit#63651285\"> sestavi<img decoding=\"async\" src=\"http:\/\/cdncache-a.akamaihd.net\/items\/it\/img\/arrow-10x10.png\" alt=\"\" \/><\/a> ( 97% bomba\u017e in 3% elastan) ter z barvnimi odtenki tkanin, ki so prilagojeni aktualnim modnim trendom. Srajco krasi \u0161e vsaka najmanj\u0161a malenkost (od barvnih tkanin in vzorcev na na\u0161ih dvojnih kolarjih-ovratnikih, trendovskih motivov na notranjih delno prikritih delih srajc ter posebno oblikovani pristri\u017eeni man\u0161etni rokavi, ki so posebej prilagojeni vsakemu posameznemu barvnemu motivu srajc).<\/p>","protected":false},"excerpt":{"rendered":"<p>\u017denska\u00a0modna srajca &#8220;\u010drne&#8221; barve z odtenki tkanin, ki so prilagojeni aktualnim modnim trendom. Srajca je primerna za posebne prilo\u017enosti ali kot del poslovne obleke. Kombinirate jo lahko tudi za vsak dan, na elegantne hla\u010de ali jeans.<\/p>\n<p>Pri izbiri ustrezne velikosti si prosimo pomagajte z enostavnim vodnikom, ki ga najdete na zavihku <strong><a title=\"Tabela velikosti\" href=\"https:\/\/kolar.si\/en\/tabela-velikosti\/\" target=\"_blank\" rel=\"noopener noreferrer\">&#8220;tabela velikosti&#8221;<\/a><\/strong>, s katerim si boste pomagali pri izbiri velikosti.<\/p>\n<p>Prav tako pa nas v primeru kakr\u0161nihkoli vpra\u0161anj lahko kontaktirate na e-mail: <strong>info@kolar.si<\/strong> ali tel. <strong>031 588 611.<\/strong><\/p>","protected":false},"featured_media":9461,"comment_status":"open","ping_status":"closed","template":"","meta":{"_monsterinsights_skip_tracking":false,"_monsterinsights_sitenote_active":false,"_monsterinsights_sitenote_note":"","_monsterinsights_sitenote_category":0},"product_cat":[51,66],"product_tag":[],"class_list":{"0":"post-9460","1":"product","2":"type-product","3":"status-publish","4":"has-post-thumbnail","6":"product_cat-dolg-rokav","7":"product_cat-zenske-srajce","8":"pa_velikost-xs-slim-fit","9":"pa_velikost-s-slim-fit","10":"pa_velikost-m-slim-fit","11":"pa_velikost-l-slim-fit","12":"pa_velikost-xl-slim-fit","14":"first","15":"instock","16":"sale","17":"shipping-taxable","18":"purchasable","19":"product-type-variable","20":"has-default-attributes"},"_links":{"self":[{"href":"https:\/\/kolar.si\/en\/wp-json\/wp\/v2\/product\/9460"}],"collection":[{"href":"https:\/\/kolar.si\/en\/wp-json\/wp\/v2\/product"}],"about":[{"href":"https:\/\/kolar.si\/en\/wp-json\/wp\/v2\/types\/product"}],"replies":[{"embeddable":true,"href":"https:\/\/kolar.si\/en\/wp-json\/wp\/v2\/comments?post=9460"}],"wp:featuredmedia":[{"embeddable":true,"href":"https:\/\/kolar.si\/en\/wp-json\/wp\/v2\/media\/9461"}],"wp:attachment":[{"href":"https:\/\/kolar.si\/en\/wp-json\/wp\/v2\/media?parent=9460"}],"wp:term":[{"taxonomy":"product_cat","embeddable":true,"href":"https:\/\/kolar.si\/en\/wp-json\/wp\/v2\/product_cat?post=9460"},{"taxonomy":"product_tag","embeddable":true,"href":"https:\/\/kolar.si\/en\/wp-json\/wp\/v2\/product_tag?post=9460"}],"curies":[{"name":"wp","href":"https:\/\/api.w.org\/{rel}","templated":true}]}}