{"id":84454,"date":"2022-03-04T21:57:45","date_gmt":"2022-03-04T19:57:45","guid":{"rendered":"https:\/\/kolar.si\/?post_type=product&#038;p=84454"},"modified":"2025-08-15T23:41:59","modified_gmt":"2025-08-15T21:41:59","slug":"moska-srajca-fuchsia-black-roma","status":"publish","type":"product","link":"https:\/\/kolar.si\/en\/product\/moska-srajca-fuchsia-black-roma\/","title":{"rendered":"Mo\u0161ka srajca \u201cFUCHSIA \u2013 BLACK ROMA\u201d"},"content":{"rendered":"<p>Mo\u0161ka modna srajca, znamke KOLAR, oblikovana po zadnjih modnih smernicah pod vodstvom znanih modnih oblikovalcev. Srajca je skrbno izdelana iz najbolj\u0161ih tkanin v surovinski<a class=\"gwjdfbuqm\" style=\"font-family: Georgia, 'Times New Roman', 'Bitstream Charter', Times, serif; font-size: 16px; font-style: normal; font-variant: normal; font-weight: normal; letter-spacing: normal; line-height: 24px; orphans: auto; text-align: start; text-indent: 0px; text-transform: none; white-space: normal; widows: 1; word-spacing: 0px; -webkit-text-stroke-width: 0px; background-color: #ffffff;\" title=\"Click to Continue &gt; by eDeals\" href=\"#\">\u00a0sestavi<img decoding=\"async\" src=\"http:\/\/cdncache-a.akamaihd.net\/items\/it\/img\/arrow-10x10.png\" alt=\"\" \/><\/a>\u00a0( bomba\u017e, elastan) ter z barvnimi odtenki tkanin, ki so prilagojeni aktualnim modnim trendom. Srajco krasi \u0161e vsaka najmanj\u0161a malenkost (od barvnih tkanin in vzorcev na na\u0161ih dvojnih kolarjih-ovratnikih, trendovskih motivov na notranjih delno prikritih delih srajc ter posebno oblikovani pristri\u017eeni man\u0161etni rokavi, ki so posebej prilagojeni vsakemu posameznemu barvnemu motivu srajc).<\/p>","protected":false},"excerpt":{"rendered":"<p>Mo\u0161ka modna srajca &#8220;fuchsia&#8221; \u00a0barve z odtenki tkanin, ki so prilagojeni aktualnim modnim trendom. Srajca je primerna za posebne prilo\u017enosti ali kot del poslovne obleke s kravato. Kombinirate jo lahko tudi za vsak dan, na elegantne hla\u010de ali jeans.<\/p>\n<p>Pri izbiri ustrezne velikosti si prosimo pomagajte z enostavnim vodnikom, ki ga najdete na zavihku\u00a0<strong><a title=\"Tabela velikosti\" href=\"https:\/\/kolar.si\/en\/tabela-velikosti\/\" target=\"_blank\" rel=\"noopener noreferrer\">&#8220;tabela velikosti&#8221;<\/a><\/strong>, s katerim si boste pomagali pri izbiri velikosti.<\/p>\n<p>Prav tako pa nas v primeru kakr\u0161nihkoli vpra\u0161anj lahko kontaktirate na e-mail:\u00a0<strong>info@kolar.si<\/strong>\u00a0ali tel.\u00a0<strong>031 588 611.<\/strong><\/p>\n<p><img decoding=\"async\" class=\"alignnone wp-image-23787\" src=\"https:\/\/kolar.si\/wp-content\/uploads\/2018\/09\/shipping-icon-70685-300x300.png\" alt=\"shipping-icon-70685\" width=\"30\" height=\"30\" \/>\u00a0<strong>Dostava v 1-2 delovnih dni!<\/strong><\/p>\n<div class=\"col-md-12\"><img decoding=\"async\" class=\"alignnone wp-image-23787\" src=\"https:\/\/kolar.si\/wp-content\/uploads\/2018\/09\/shipping-icon-70685-300x300.png\" alt=\"shipping-icon-70685\" width=\"30\" height=\"30\" \/>\u00a0<strong>Brezpla\u010dna dostava nad 80\u20ac!<\/strong><\/div>","protected":false},"featured_media":83883,"comment_status":"open","ping_status":"closed","template":"","meta":{"_monsterinsights_skip_tracking":false,"_monsterinsights_sitenote_active":false,"_monsterinsights_sitenote_note":"","_monsterinsights_sitenote_category":0},"product_cat":[51,52,92],"product_tag":[],"class_list":{"0":"post-84454","1":"product","2":"type-product","3":"status-publish","4":"has-post-thumbnail","6":"product_cat-dolg-rokav","7":"product_cat-moske-srajce","8":"product_cat-moske-srajce-dolg-rokav","9":"pa_velikost-s-slim-fit","10":"pa_velikost-m-slim-fit","11":"pa_velikost-l-slim-fit","12":"pa_velikost-xl-slim-fit","13":"pa_velikost-xxl-slim-fit","14":"pa_velikost-xxxl-slim-fit","15":"pa_velikost-xxxxl-regular-fit","16":"pa_velikost-xxxxxl-regular-fit","18":"first","19":"instock","20":"sale","21":"shipping-taxable","22":"purchasable","23":"product-type-variable"},"_links":{"self":[{"href":"https:\/\/kolar.si\/en\/wp-json\/wp\/v2\/product\/84454"}],"collection":[{"href":"https:\/\/kolar.si\/en\/wp-json\/wp\/v2\/product"}],"about":[{"href":"https:\/\/kolar.si\/en\/wp-json\/wp\/v2\/types\/product"}],"replies":[{"embeddable":true,"href":"https:\/\/kolar.si\/en\/wp-json\/wp\/v2\/comments?post=84454"}],"wp:featuredmedia":[{"embeddable":true,"href":"https:\/\/kolar.si\/en\/wp-json\/wp\/v2\/media\/83883"}],"wp:attachment":[{"href":"https:\/\/kolar.si\/en\/wp-json\/wp\/v2\/media?parent=84454"}],"wp:term":[{"taxonomy":"product_cat","embeddable":true,"href":"https:\/\/kolar.si\/en\/wp-json\/wp\/v2\/product_cat?post=84454"},{"taxonomy":"product_tag","embeddable":true,"href":"https:\/\/kolar.si\/en\/wp-json\/wp\/v2\/product_tag?post=84454"}],"curies":[{"name":"wp","href":"https:\/\/api.w.org\/{rel}","templated":true}]}}