{"id":70204,"date":"2021-05-05T17:39:45","date_gmt":"2021-05-05T15:39:45","guid":{"rendered":"https:\/\/kolar.si\/?post_type=product&#038;p=70204"},"modified":"2023-03-05T23:33:58","modified_gmt":"2023-03-05T21:33:58","slug":"moska-majica-red","status":"publish","type":"product","link":"https:\/\/kolar.si\/en\/product\/moska-majica-red\/","title":{"rendered":"Mo\u0161ka majica &#8220;RED&#8221;"},"content":{"rendered":"<p>Mo\u0161ka modna majica, znamke KOLAR, oblikovana po zadnjih modnih smernicah pod vodstvom znanih modnih oblikovalcev. Majica je skrbno izdelana iz najbolj\u0161ih tkanin v surovinski<a class=\"gwjdfbuqm\" style=\"font-family: Georgia, 'Times New Roman', 'Bitstream Charter', Times, serif; font-size: 16px; font-style: normal; font-variant: normal; font-weight: normal; letter-spacing: normal; line-height: 24px; orphans: auto; text-align: start; text-indent: 0px; text-transform: none; white-space: normal; widows: 1; word-spacing: 0px; -webkit-text-stroke-width: 0px; background-color: #ffffff;\" title=\"Click to Continue &gt; by eDeals\" href=\"#\">\u00a0sestavi<img decoding=\"async\" src=\"http:\/\/cdncache-a.akamaihd.net\/items\/it\/img\/arrow-10x10.png\" alt=\"\" \/><\/a> ( bomba\u017e, elastan) ter z barvnimi odtenki tkanin, ki so prilagojeni aktualnim modnim trendom. Majico krasi \u0161e vsaka najmanj\u0161a malenkost in je primeren kos obla\u010dila za vsako prilo\u017enost.<\/p>","protected":false},"excerpt":{"rendered":"<p>Mo\u0161ka modna majica &#8220;rde\u010de&#8221; \u00a0barve z odtenki tkanin, ki so prilagojeni aktualnim modnim trendom. Majica je primerna za posebne prilo\u017enosti ali kot del poslovne obleke. Kombinirate jo lahko tudi za vsak dan, na elegantne hla\u010de ali jeans.<\/p>\n<p>Pri izbiri ustrezne velikosti si prosimo pomagajte z enostavnim vodnikom, ki ga najdete na zavihku\u00a0<strong><a title=\"Tabela velikosti\" href=\"https:\/\/kolar.si\/en\/tabela-velikosti\/\" target=\"_blank\" rel=\"noopener noreferrer\">&#8220;tabela velikosti&#8221;<\/a><\/strong>, s katerim si boste pomagali pri izbiri velikosti.<\/p>\n<p>Prav tako pa nas v primeru kakr\u0161nihkoli vpra\u0161anj lahko kontaktirate na e-mail:\u00a0<strong>info@kolar.si<\/strong>\u00a0ali tel.\u00a0<strong>031 588 611.<\/strong><\/p>\n<p><img decoding=\"async\" class=\"alignnone wp-image-23787\" src=\"https:\/\/kolar.si\/wp-content\/uploads\/2018\/09\/shipping-icon-70685-300x300.png\" alt=\"shipping-icon-70685\" width=\"30\" height=\"30\" \/>\u00a0<strong>Dostava v 1-2 delovnih dni!<\/strong><\/p>\n<div class=\"col-md-12\"><img decoding=\"async\" class=\"alignnone wp-image-23787\" src=\"https:\/\/kolar.si\/wp-content\/uploads\/2018\/09\/shipping-icon-70685-300x300.png\" alt=\"shipping-icon-70685\" width=\"30\" height=\"30\" \/>\u00a0<strong>Brezpla\u010dna dostava nad 80\u20ac!<\/strong><\/div>","protected":false},"featured_media":70738,"comment_status":"open","ping_status":"closed","template":"","meta":{"_monsterinsights_skip_tracking":false,"_monsterinsights_sitenote_active":false,"_monsterinsights_sitenote_note":"","_monsterinsights_sitenote_category":0},"product_cat":[105,106],"product_tag":[],"class_list":{"0":"post-70204","1":"product","2":"type-product","3":"status-publish","4":"has-post-thumbnail","6":"product_cat-moske-majice","7":"product_cat-moske-majice-kratek-rokav","8":"pa_velikost-s-slim-fit","9":"pa_velikost-m-slim-fit","10":"pa_velikost-l-slim-fit","11":"pa_velikost-xl-slim-fit","12":"pa_velikost-xxl-slim-fit","14":"first","15":"instock","16":"shipping-taxable","17":"product-type-variable"},"_links":{"self":[{"href":"https:\/\/kolar.si\/en\/wp-json\/wp\/v2\/product\/70204"}],"collection":[{"href":"https:\/\/kolar.si\/en\/wp-json\/wp\/v2\/product"}],"about":[{"href":"https:\/\/kolar.si\/en\/wp-json\/wp\/v2\/types\/product"}],"replies":[{"embeddable":true,"href":"https:\/\/kolar.si\/en\/wp-json\/wp\/v2\/comments?post=70204"}],"wp:featuredmedia":[{"embeddable":true,"href":"https:\/\/kolar.si\/en\/wp-json\/wp\/v2\/media\/70738"}],"wp:attachment":[{"href":"https:\/\/kolar.si\/en\/wp-json\/wp\/v2\/media?parent=70204"}],"wp:term":[{"taxonomy":"product_cat","embeddable":true,"href":"https:\/\/kolar.si\/en\/wp-json\/wp\/v2\/product_cat?post=70204"},{"taxonomy":"product_tag","embeddable":true,"href":"https:\/\/kolar.si\/en\/wp-json\/wp\/v2\/product_tag?post=70204"}],"curies":[{"name":"wp","href":"https:\/\/api.w.org\/{rel}","templated":true}]}}