{"id":11555,"date":"2016-01-30T12:34:06","date_gmt":"2016-01-30T12:34:06","guid":{"rendered":"http:\/\/www.si.kolar.si\/izdelek\/kravata-dark-red\/"},"modified":"2023-05-18T21:31:45","modified_gmt":"2023-05-18T19:31:45","slug":"kravata-dark-red","status":"publish","type":"product","link":"https:\/\/kolar.si\/en\/product\/kravata-dark-red\/","title":{"rendered":"Kravata &#8220;DARK RED&#8221;"},"content":{"rendered":"<p>Kravata je oblikovana po zadnjih modnih smernicah pod vodstvom znanih modnih oblikovalcev. Le-ta je skrbno izdelana iz materiala mikrofibra in je prilagojena aktualnim modnim trendom. Kravato krasi \u0161e vsaka najmanj\u0161a malenkost in je tako prilagojena vsakemu posameznemu barvnemu motivu srajc.<\/p>","protected":false},"excerpt":{"rendered":"<p>Klasi\u010dna kravata temno rde\u010de barve je prilagojena aktualnim modnim trendom. Le-ta je primerna za posebne prilo\u017enosti ali kot del poslovne obleke, ki jo s svojimi zanimivimi ter modnimi vzorci popestri.<\/p>\n<p>Kombinirate jo lahko na elegantne hla\u010de ali jeans.<\/p>\n<p>Prav tako pa nas v primeru kakr\u0161nihkoli vpra\u0161anj lahko kontaktirate na e-mail: <strong>info@kolar.si<\/strong> ali tel. <strong>031 588 611.<\/strong><\/p>\n<p><img decoding=\"async\" class=\"alignnone wp-image-23787\" src=\"https:\/\/kolar.si\/wp-content\/uploads\/2018\/09\/shipping-icon-70685-300x300.png\" alt=\"shipping-icon-70685\" width=\"30\" height=\"30\" \/>\u00a0<strong>Dostava v 1-2 delovnih dni!<\/strong><\/p>\n<div class=\"col-md-12\"><img decoding=\"async\" class=\"alignnone wp-image-23787\" src=\"https:\/\/kolar.si\/wp-content\/uploads\/2018\/09\/shipping-icon-70685-300x300.png\" alt=\"shipping-icon-70685\" width=\"30\" height=\"30\" \/>\u00a0<strong>Brezpla\u010dna dostava nad 80\u20ac!<\/strong><\/div>","protected":false},"featured_media":11556,"comment_status":"open","ping_status":"closed","template":"","meta":{"_monsterinsights_skip_tracking":false,"_monsterinsights_sitenote_active":false,"_monsterinsights_sitenote_note":"","_monsterinsights_sitenote_category":0},"product_cat":[77,79],"product_tag":[],"class_list":{"0":"post-11555","1":"product","2":"type-product","3":"status-publish","4":"has-post-thumbnail","6":"product_cat-kravate","7":"product_cat-klasicne-kravate","9":"first","10":"instock","11":"shipping-taxable","12":"purchasable","13":"product-type-simple"},"_links":{"self":[{"href":"https:\/\/kolar.si\/en\/wp-json\/wp\/v2\/product\/11555"}],"collection":[{"href":"https:\/\/kolar.si\/en\/wp-json\/wp\/v2\/product"}],"about":[{"href":"https:\/\/kolar.si\/en\/wp-json\/wp\/v2\/types\/product"}],"replies":[{"embeddable":true,"href":"https:\/\/kolar.si\/en\/wp-json\/wp\/v2\/comments?post=11555"}],"wp:featuredmedia":[{"embeddable":true,"href":"https:\/\/kolar.si\/en\/wp-json\/wp\/v2\/media\/11556"}],"wp:attachment":[{"href":"https:\/\/kolar.si\/en\/wp-json\/wp\/v2\/media?parent=11555"}],"wp:term":[{"taxonomy":"product_cat","embeddable":true,"href":"https:\/\/kolar.si\/en\/wp-json\/wp\/v2\/product_cat?post=11555"},{"taxonomy":"product_tag","embeddable":true,"href":"https:\/\/kolar.si\/en\/wp-json\/wp\/v2\/product_tag?post=11555"}],"curies":[{"name":"wp","href":"https:\/\/api.w.org\/{rel}","templated":true}]}}