{"id":11325,"date":"2016-01-27T11:30:05","date_gmt":"2016-01-27T11:30:05","guid":{"rendered":"http:\/\/www.si.kolar.si\/izdelek\/moska-srajca-medium-royal-blue\/"},"modified":"2016-01-27T11:30:05","modified_gmt":"2016-01-27T11:30:05","slug":"moska-srajca-medium-royal-blue","status":"publish","type":"product","link":"https:\/\/kolar.si\/en\/product\/moska-srajca-medium-royal-blue\/","title":{"rendered":"Mo\u0161ka srajca &#8220;MEDIUM ROYAL BLUE&#8221;"},"content":{"rendered":"<p>Mo\u0161ka modna srajca, znamke RSC, oblikovana po zadnjih modnih smernicah pod vodstvom znanih modnih oblikovalcev. Srajca je skrbno izdelana iz najbolj\u0161ih tkanin v surovinski<a class=\"gwjdfbuqm\" style=\"font-family: Georgia, 'Times New Roman', 'Bitstream Charter', Times, serif; font-size: 16px; font-style: normal; font-variant: normal; font-weight: normal; letter-spacing: normal; line-height: 24px; orphans: auto; text-align: start; text-indent: 0px; text-transform: none; white-space: normal; widows: 1; word-spacing: 0px; -webkit-text-stroke-width: 0px; background-color: #ffffff;\" title=\"Click to Continue &gt; by eDeals\" href=\"#\"> sestavi<img decoding=\"async\" src=\"http:\/\/cdncache-a.akamaihd.net\/items\/it\/img\/arrow-10x10.png\" alt=\"\" \/><\/a> ( bomba\u017e, elastan) ter z barvnimi odtenki tkanin, ki so prilagojeni aktualnim modnim trendom. Srajco krasi \u0161e vsaka najmanj\u0161a malenkost (od barvnih tkanin in vzorcev na na\u0161ih dvojnih kolarjih-ovratnikih, trendovskih motivov na notranjih delno prikritih delih srajc ter posebno oblikovani pristri\u017eeni man\u0161etni rokavi, ki so posebej prilagojeni vsakemu posameznemu barvnemu motivu srajc).<\/p>","protected":false},"excerpt":{"rendered":"<p>Mo\u0161ka modna srajca &#8220;modre&#8221; barve z odtenki tkanin, ki so prilagojeni aktualnim modnim trendom. Srajca je primerna za posebne prilo\u017enosti ali kot del poslovne obleke s kravato. Kombinirate jo lahko tudi za vsak dan, na elegantne hla\u010de ali jeans.<\/p>\n<p>Pri izbiri ustrezne velikosti si prosimo pomagajte z enostavnim vodnikom, ki ga najdete na zavihku <strong><a title=\"Tabela velikosti\" href=\"https:\/\/kolar.si\/en\/velikosti-in-mere\/\" target=\"_blank\" rel=\"noopener noreferrer\">&#8220;tabela velikosti&#8221;<\/a><\/strong>, s katerim si boste pomagali pri izbiri velikosti.<\/p>\n<p>Prav tako pa nas v primeru kakr\u0161nihkoli vpra\u0161anj lahko kontaktirate na e-mail: info@kolar.si ali tel. 031 588 611.<\/p>","protected":false},"featured_media":11326,"comment_status":"open","ping_status":"closed","template":"","meta":{"_monsterinsights_skip_tracking":false,"_monsterinsights_sitenote_active":false,"_monsterinsights_sitenote_note":"","_monsterinsights_sitenote_category":0},"product_cat":[51,52],"product_tag":[],"class_list":{"0":"post-11325","1":"product","2":"type-product","3":"status-publish","4":"has-post-thumbnail","6":"product_cat-dolg-rokav","7":"product_cat-moske-srajce","8":"pa_velikost-s-slim-fit","9":"pa_velikost-m-slim-fit","10":"pa_velikost-l-slim-fit","11":"pa_velikost-xl-slim-fit","12":"pa_velikost-xxl-slim-fit","13":"pa_velikost-xxxl-slim-fit","14":"pa_velikost-xxxxl-regular-fit","16":"first","17":"outofstock","18":"shipping-taxable","19":"product-type-variable"},"_links":{"self":[{"href":"https:\/\/kolar.si\/en\/wp-json\/wp\/v2\/product\/11325"}],"collection":[{"href":"https:\/\/kolar.si\/en\/wp-json\/wp\/v2\/product"}],"about":[{"href":"https:\/\/kolar.si\/en\/wp-json\/wp\/v2\/types\/product"}],"replies":[{"embeddable":true,"href":"https:\/\/kolar.si\/en\/wp-json\/wp\/v2\/comments?post=11325"}],"wp:featuredmedia":[{"embeddable":true,"href":"https:\/\/kolar.si\/en\/wp-json\/wp\/v2\/media\/11326"}],"wp:attachment":[{"href":"https:\/\/kolar.si\/en\/wp-json\/wp\/v2\/media?parent=11325"}],"wp:term":[{"taxonomy":"product_cat","embeddable":true,"href":"https:\/\/kolar.si\/en\/wp-json\/wp\/v2\/product_cat?post=11325"},{"taxonomy":"product_tag","embeddable":true,"href":"https:\/\/kolar.si\/en\/wp-json\/wp\/v2\/product_tag?post=11325"}],"curies":[{"name":"wp","href":"https:\/\/api.w.org\/{rel}","templated":true}]}}