{"id":100121,"date":"2025-08-16T13:00:57","date_gmt":"2025-08-16T11:00:57","guid":{"rendered":"https:\/\/kolar.si\/?post_type=product&#038;p=100121"},"modified":"2026-04-20T12:17:04","modified_gmt":"2026-04-20T10:17:04","slug":"moska-bela-srajca-bday","status":"publish","type":"product","link":"https:\/\/kolar.si\/en\/product\/moska-bela-srajca-bday\/","title":{"rendered":"Mo\u0161ka bela srajca BDAY"},"content":{"rendered":"<div class=\"col-md-12\"><\/div>\n<div><\/div>\n<p>&nbsp;<\/p>","protected":false},"excerpt":{"rendered":"<p>Ta moderna mo\u0161ka srajca s kratkimi rokavi zdru\u017euje klasi\u010den bel dizajn z izrazitimi \u010drnimi in sivimi detajli, ki poskrbijo za unikaten videz. Kontrastni gumbi, poudarjen ovratnik in dekorativni zaklju\u010dki na rokavih dodajo srajci pridih presti\u017ea in izvirnosti. Izdelana je iz udobnega in zra\u010dnega materiala, primerna tako za poslovne prilo\u017enosti kot za spro\u0161\u010dene ve\u010derne izhode.<\/p>\n<p>Pri izbiri ustrezne velikosti si prosimo pomagajte z enostavnim vodnikom, ki ga najdete na zavihku\u00a0<strong><a title=\"Tabela velikosti\" href=\"https:\/\/kolar.si\/en\/tabela-velikosti\/\" target=\"_blank\" rel=\"noopener noreferrer\">&#8220;tabela velikosti&#8221;<\/a><\/strong><\/p>\n<p>V primeru dodatnih vpra\u0161anj nas lahko kontaktirate na e-mail:\u00a0<strong>info@kolar.si<\/strong>\u00a0ali tel.\u00a0<strong>031 588 611.<\/strong><\/p>\n<ul>\n<li>Kakovosten material: 97 % bomba\u017e, 3 % elastan<\/li>\n<li>Kratek rokav<\/li>\n<li>Dvojni ovratnik<\/li>\n<li>Slim fit (teliran kroj) od S do 3XL<\/li>\n<li>Regular fit (raven kroj) 4XL in 5 XL<\/li>\n<li>Izdelana z natan\u010dnostjo in stilom<\/li>\n<\/ul>\n<p><img decoding=\"async\" class=\"alignnone wp-image-23787\" src=\"https:\/\/kolar.si\/wp-content\/uploads\/2018\/09\/shipping-icon-70685-300x300.png\" alt=\"shipping-icon-70685\" width=\"30\" height=\"30\" \/>\u00a0<strong>Dostava v 1-2 delovnih dni!<\/strong><\/p>\n<div class=\"col-md-12\"><img decoding=\"async\" class=\"alignnone wp-image-23787\" src=\"https:\/\/kolar.si\/wp-content\/uploads\/2018\/09\/shipping-icon-70685-300x300.png\" alt=\"shipping-icon-70685\" width=\"30\" height=\"30\" \/>\u00a0<strong>Brezpla\u010dna dostava nad 80\u20ac!<\/strong><\/div>\n<div>\n<p>&nbsp;<\/p>\n<p><strong><span style=\"color: var(--durotan-text-main-color); font-family: var(--durotan-font-main);\">Navodila za vzdr\u017eevanje<\/span><\/strong><\/p>\n<p>Pranje v pralnem stroju pri nizkih obratih o\u017eemanja na 30 \u2103. Srajco takoj po pranju mo\u010dno strkajte in obesite na obe\u0161alnik, da se posu\u0161i. Su\u0161enje v su\u0161ilnem stroju mo\u010dno odsvetujemo.<\/p>\n<\/div>","protected":false},"featured_media":100131,"comment_status":"open","ping_status":"closed","template":"","meta":{"_monsterinsights_skip_tracking":false,"_monsterinsights_sitenote_active":false,"_monsterinsights_sitenote_note":"","_monsterinsights_sitenote_category":0},"product_cat":[58,52,94],"product_tag":[222,258,235,230,240,227,263,261,238,257],"class_list":{"0":"post-100121","1":"product","2":"type-product","3":"status-publish","4":"has-post-thumbnail","6":"product_cat-kratek-rokav","7":"product_cat-moske-srajce","8":"product_cat-moske-srajce-kratek-rokav","9":"product_tag-bela-moska-srajca","10":"product_tag-bombazna-moska-srajca","11":"product_tag-elegantna-moska-srajca","12":"product_tag-kvalitetna-srajca","13":"product_tag-moderna-moska-srajca","14":"product_tag-moska-bela-srajca","15":"product_tag-moska-srajca-kratek-rokav","16":"product_tag-slim-fit-moska-srajca","17":"product_tag-srajca-kratek-rokav","18":"product_tag-telirana-moska-srajca","19":"pa_velikost-s-slim-fit","20":"pa_velikost-m-slim-fit","21":"pa_velikost-l-slim-fit","22":"pa_velikost-xl-slim-fit","23":"pa_velikost-xxl-slim-fit","24":"pa_velikost-xxxl-slim-fit","25":"pa_velikost-xxxxl-regular-fit","26":"pa_velikost-xxxxxl-regular-fit","28":"first","29":"instock","30":"shipping-taxable","31":"purchasable","32":"product-type-variable"},"_links":{"self":[{"href":"https:\/\/kolar.si\/en\/wp-json\/wp\/v2\/product\/100121"}],"collection":[{"href":"https:\/\/kolar.si\/en\/wp-json\/wp\/v2\/product"}],"about":[{"href":"https:\/\/kolar.si\/en\/wp-json\/wp\/v2\/types\/product"}],"replies":[{"embeddable":true,"href":"https:\/\/kolar.si\/en\/wp-json\/wp\/v2\/comments?post=100121"}],"wp:featuredmedia":[{"embeddable":true,"href":"https:\/\/kolar.si\/en\/wp-json\/wp\/v2\/media\/100131"}],"wp:attachment":[{"href":"https:\/\/kolar.si\/en\/wp-json\/wp\/v2\/media?parent=100121"}],"wp:term":[{"taxonomy":"product_cat","embeddable":true,"href":"https:\/\/kolar.si\/en\/wp-json\/wp\/v2\/product_cat?post=100121"},{"taxonomy":"product_tag","embeddable":true,"href":"https:\/\/kolar.si\/en\/wp-json\/wp\/v2\/product_tag?post=100121"}],"curies":[{"name":"wp","href":"https:\/\/api.w.org\/{rel}","templated":true}]}}