{"id":97513,"date":"2023-02-02T10:04:31","date_gmt":"2023-02-02T08:04:31","guid":{"rendered":"https:\/\/kolar.si\/?page_id=97513"},"modified":"2023-02-02T19:02:35","modified_gmt":"2023-02-02T17:02:35","slug":"kontakt","status":"publish","type":"page","link":"https:\/\/kolar.si\/en\/kontakt\/","title":{"rendered":"Kontakt"},"content":{"rendered":"<div data-elementor-type=\"wp-page\" data-elementor-id=\"97513\" class=\"elementor elementor-97513\">\n\t\t\t\t\t\t<section class=\"elementor-section elementor-top-section elementor-element elementor-element-245d44a elementor-section-boxed elementor-section-height-default elementor-section-height-default\" data-id=\"245d44a\" data-element_type=\"section\">\n\t\t\t\t\t\t<div class=\"elementor-container elementor-column-gap-no\">\n\t\t\t\t\t<div class=\"elementor-column elementor-col-100 elementor-top-column elementor-element elementor-element-450259ca\" data-id=\"450259ca\" data-element_type=\"column\">\n\t\t\t<div class=\"elementor-widget-wrap elementor-element-populated\">\n\t\t\t\t\t\t<div class=\"elementor-element elementor-element-207b6af3 elementor-widget elementor-widget-heading\" data-id=\"207b6af3\" data-element_type=\"widget\" data-widget_type=\"heading.default\">\n\t\t\t\t<div class=\"elementor-widget-container\">\n\t\t\t<h2 class=\"elementor-heading-title elementor-size-default\">Kontakt<\/h2>\t\t<\/div>\n\t\t\t\t<\/div>\n\t\t\t\t<div class=\"elementor-element elementor-element-5e673331 elementor-widget elementor-widget-text-editor\" data-id=\"5e673331\" data-element_type=\"widget\" data-widget_type=\"text-editor.default\">\n\t\t\t\t<div class=\"elementor-widget-container\">\n\t\t\t\t\t\t\t<p>\u010ce imate kakr\u0161na koli vpra\u0161anja nas lahko kontaktirate preko spodnjega obrazca<\/p>\t\t\t\t\t\t<\/div>\n\t\t\t\t<\/div>\n\t\t\t\t\t<\/div>\n\t\t<\/div>\n\t\t\t\t\t<\/div>\n\t\t<\/section>\n\t\t\t\t<section class=\"elementor-section elementor-top-section elementor-element elementor-element-5a7f607b elementor-section-boxed elementor-section-height-default elementor-section-height-default\" data-id=\"5a7f607b\" data-element_type=\"section\">\n\t\t\t\t\t\t<div class=\"elementor-container elementor-column-gap-default\">\n\t\t\t\t\t<div class=\"elementor-column elementor-col-50 elementor-top-column elementor-element elementor-element-1816f660\" data-id=\"1816f660\" data-element_type=\"column\">\n\t\t\t<div class=\"elementor-widget-wrap elementor-element-populated\">\n\t\t\t\t\t\t<div class=\"elementor-element elementor-element-778dbec4 elementor-widget elementor-widget-heading\" data-id=\"778dbec4\" data-element_type=\"widget\" data-widget_type=\"heading.default\">\n\t\t\t\t<div class=\"elementor-widget-container\">\n\t\t\t<h4 class=\"elementor-heading-title elementor-size-default\">Osnovni podatki<\/h4>\t\t<\/div>\n\t\t\t\t<\/div>\n\t\t\t\t<div class=\"elementor-element elementor-element-2e5c80a1 elementor-widget elementor-widget-text-editor\" data-id=\"2e5c80a1\" data-element_type=\"widget\" data-widget_type=\"text-editor.default\">\n\t\t\t\t<div class=\"elementor-widget-container\">\n\t\t\t\t\t\t\t<div class=\"wpb_text_column wpb_content_element vc_custom_1471852459997\"><div class=\"wpb_wrapper\"><p>Spletna trgovina KOLAR<br \/>Ulica Nikola Tesla 9a, 1230 Dom\u017eale<br \/>Gsm: +386 31 588 611<br \/>E-mail:\u00a0<a href=\"mailto:info@kolar.si\">info@kolar.si<\/a><\/p><p>Mati\u010dna \u0161t. 9242635000<br \/>Dav\u010dna \u0161t.: 74371754<br \/>Zavezanec za DDV: NE<\/p><p>Transakcijski ra\u010dun: SI56 023000264528715 (NLB d.d.)<br \/>BIC: LJBASI2X<\/p><\/div><\/div>\t\t\t\t\t\t<\/div>\n\t\t\t\t<\/div>\n\t\t\t\t<div class=\"elementor-element elementor-element-57f44ebc elementor-widget elementor-widget-durotan-socials\" data-id=\"57f44ebc\" data-element_type=\"widget\" data-widget_type=\"durotan-socials.default\">\n\t\t\t\t<div class=\"elementor-widget-container\">\n\t\t\t<div class=\"durotan-socials\"><a class=\"social\" href=\"https:\/\/www.facebook.com\/SRAJCEKOLAR\/\"><span class=\"durotan-svg-icon\"><svg xmlns=\"http:\/\/www.w3.org\/2000\/svg\" width=\"24\" height=\"24\" viewbox=\"0 0 24 24\"><title>facebook<\/title><path d=\"M17 3v2h-2c-0.552 0-1.053 0.225-1.414 0.586s-0.586 0.862-0.586 1.414v3c0 0.552 0.448 1 1 1h2.719l-0.5 2h-2.219c-0.552 0-1 0.448-1 1v7h-2v-7c0-0.552-0.448-1-1-1h-2v-2h2c0.552 0 1-0.448 1-1v-3c0-1.105 0.447-2.103 1.172-2.828s1.723-1.172 2.828-1.172zM18 1h-3c-1.657 0-3.158 0.673-4.243 1.757s-1.757 2.586-1.757 4.243v2h-2c-0.552 0-1 0.448-1 1v4c0 0.552 0.448 1 1 1h2v7c0 0.552 0.448 1 1 1h4c0.552 0 1-0.448 1-1v-7h2c0.466 0 0.858-0.319 0.97-0.757l1-4c0.134-0.536-0.192-1.079-0.728-1.213-0.083-0.021-0.167-0.031-0.242-0.030h-3v-2h3c0.552 0 1-0.448 1-1v-4c0-0.552-0.448-1-1-1z\"><\/path><\/svg><\/span><\/a><a class=\"social\" href=\"https:\/\/www.instagram.com\/kolar_srajce\/\"><span class=\"durotan-svg-icon\"><svg xmlns=\"http:\/\/www.w3.org\/2000\/svg\" width=\"32\" height=\"32\" viewbox=\"0 0 32 32\"><title>instagram<\/title><path d=\"M16 2.881c4.275 0 4.781 0.019 6.462 0.094 1.563 0.069 2.406 0.331 2.969 0.55 0.744 0.288 1.281 0.638 1.837 1.194 0.563 0.563 0.906 1.094 1.2 1.838 0.219 0.563 0.481 1.412 0.55 2.969 0.075 1.688 0.094 2.194 0.094 6.463s-0.019 4.781-0.094 6.463c-0.069 1.563-0.331 2.406-0.55 2.969-0.288 0.744-0.637 1.281-1.194 1.837-0.563 0.563-1.094 0.906-1.837 1.2-0.563 0.219-1.413 0.481-2.969 0.55-1.688 0.075-2.194 0.094-6.463 0.094s-4.781-0.019-6.463-0.094c-1.563-0.069-2.406-0.331-2.969-0.55-0.744-0.288-1.281-0.637-1.838-1.194-0.563-0.563-0.906-1.094-1.2-1.837-0.219-0.563-0.481-1.413-0.55-2.969-0.075-1.688-0.094-2.194-0.094-6.463s0.019-4.781 0.094-6.463c0.069-1.563 0.331-2.406 0.55-2.969 0.288-0.744 0.638-1.281 1.194-1.838 0.563-0.563 1.094-0.906 1.838-1.2 0.563-0.219 1.412-0.481 2.969-0.55 1.681-0.075 2.188-0.094 6.463-0.094zM16 0c-4.344 0-4.887 0.019-6.594 0.094-1.7 0.075-2.869 0.35-3.881 0.744-1.056 0.412-1.95 0.956-2.837 1.85-0.894 0.888-1.438 1.781-1.85 2.831-0.394 1.019-0.669 2.181-0.744 3.881-0.075 1.713-0.094 2.256-0.094 6.6s0.019 4.887 0.094 6.594c0.075 1.7 0.35 2.869 0.744 3.881 0.413 1.056 0.956 1.95 1.85 2.837 0.887 0.887 1.781 1.438 2.831 1.844 1.019 0.394 2.181 0.669 3.881 0.744 1.706 0.075 2.25 0.094 6.594 0.094s4.888-0.019 6.594-0.094c1.7-0.075 2.869-0.35 3.881-0.744 1.050-0.406 1.944-0.956 2.831-1.844s1.438-1.781 1.844-2.831c0.394-1.019 0.669-2.181 0.744-3.881 0.075-1.706 0.094-2.25 0.094-6.594s-0.019-4.887-0.094-6.594c-0.075-1.7-0.35-2.869-0.744-3.881-0.394-1.063-0.938-1.956-1.831-2.844-0.887-0.887-1.781-1.438-2.831-1.844-1.019-0.394-2.181-0.669-3.881-0.744-1.712-0.081-2.256-0.1-6.6-0.1v0z\"><\/path><path d=\"M16 7.781c-4.537 0-8.219 3.681-8.219 8.219s3.681 8.219 8.219 8.219 8.219-3.681 8.219-8.219c0-4.537-3.681-8.219-8.219-8.219zM16 21.331c-2.944 0-5.331-2.387-5.331-5.331s2.387-5.331 5.331-5.331c2.944 0 5.331 2.387 5.331 5.331s-2.387 5.331-5.331 5.331z\"><\/path><path d=\"M26.462 7.456c0 1.060-0.859 1.919-1.919 1.919s-1.919-0.859-1.919-1.919c0-1.060 0.859-1.919 1.919-1.919s1.919 0.859 1.919 1.919z\"><\/path><\/svg><\/span><\/a><a class=\"social\" href=\"https:\/\/www.tiktok.com\/@kolarsrajce\"><span class=\"durotan-svg-icon\"><i aria-hidden=\"true\" class=\"fab fa-tiktok\"><\/i><\/span><\/a><\/div>\t\t<\/div>\n\t\t\t\t<\/div>\n\t\t\t\t\t<\/div>\n\t\t<\/div>\n\t\t\t\t<div class=\"elementor-column elementor-col-50 elementor-top-column elementor-element elementor-element-2fa63185\" data-id=\"2fa63185\" data-element_type=\"column\">\n\t\t\t<div class=\"elementor-widget-wrap elementor-element-populated\">\n\t\t\t\t\t\t<div class=\"elementor-element elementor-element-30c3b120 elementor-widget elementor-widget-durotan-contact-form-7\" data-id=\"30c3b120\" data-element_type=\"widget\" data-widget_type=\"durotan-contact-form-7.default\">\n\t\t\t\t<div class=\"elementor-widget-container\">\n\t\t\t\t\t<div class=\"durotan-contact-form-7\">\n\t\t\t\n<div class=\"wpcf7 no-js\" id=\"wpcf7-f29367-o1\" lang=\"sl-SI\" dir=\"ltr\">\n<div class=\"screen-reader-response\"><p role=\"status\" aria-live=\"polite\" aria-atomic=\"true\"><\/p> <ul><\/ul><\/div>\n<form action=\"\/wp-json\/wp\/v2\/pages\/97513\" method=\"post\" class=\"wpcf7-form init\" aria-label=\"Contact form\" novalidate=\"novalidate\" data-status=\"init\" data-trp-original-action=\"\/en\/wp-json\/wp\/v2\/pages\/97513#wpcf7-f29367-o1\">\n<div style=\"display: none;\">\n<input type=\"hidden\" name=\"_wpcf7\" value=\"29367\" \/>\n<input type=\"hidden\" name=\"_wpcf7_version\" value=\"5.9.8\" \/>\n<input type=\"hidden\" name=\"_wpcf7_locale\" value=\"sl_SI\" \/>\n<input type=\"hidden\" name=\"_wpcf7_unit_tag\" value=\"wpcf7-f29367-o1\" \/>\n<input type=\"hidden\" name=\"_wpcf7_container_post\" value=\"0\" \/>\n<input type=\"hidden\" name=\"_wpcf7_posted_data_hash\" value=\"\" \/>\n<\/div>\n<p>Ime (obvezno)<br \/>\n<span class=\"wpcf7-form-control-wrap\" data-name=\"your-name\"><input size=\"40\" maxlength=\"400\" class=\"wpcf7-form-control wpcf7-text wpcf7-validates-as-required\" aria-required=\"true\" aria-invalid=\"false\" value=\"\" type=\"text\" name=\"your-name\" \/><\/span>\n<\/p>\n<p>Va\u0161 eMail (obvezno)<br \/>\n<span class=\"wpcf7-form-control-wrap\" data-name=\"your-email\"><input size=\"40\" maxlength=\"400\" class=\"wpcf7-form-control wpcf7-email wpcf7-validates-as-required wpcf7-text wpcf7-validates-as-email\" aria-required=\"true\" aria-invalid=\"false\" value=\"\" type=\"email\" name=\"your-email\" \/><\/span>\n<\/p>\n<p>Zadeva<br \/>\n<span class=\"wpcf7-form-control-wrap\" data-name=\"your-subject\"><input size=\"40\" maxlength=\"400\" class=\"wpcf7-form-control wpcf7-text\" aria-invalid=\"false\" value=\"\" type=\"text\" name=\"your-subject\" \/><\/span>\n<\/p>\n<p>Sporo\u010dilo <span class=\"wpcf7-form-control-wrap\" data-name=\"your-message\"><textarea cols=\"40\" rows=\"10\" maxlength=\"2000\" class=\"wpcf7-form-control wpcf7-textarea\" aria-invalid=\"false\" name=\"your-message\"><\/textarea><\/span>\n<\/p>\n<p><input class=\"wpcf7-form-control wpcf7-submit has-spinner\" type=\"submit\" value=\"Po\u0161lji\" \/>\n<\/p><div class=\"wpcf7-response-output\" aria-hidden=\"true\"><\/div>\n<input type=\"hidden\" name=\"trp-form-language\" value=\"en\"\/><\/form>\n<\/div>\n\t\t<\/div>\n\t\t\t\t<\/div>\n\t\t\t\t<\/div>\n\t\t\t\t<div class=\"elementor-element elementor-element-2be91dc2 elementor-widget elementor-widget-text-editor\" data-id=\"2be91dc2\" data-element_type=\"widget\" data-widget_type=\"text-editor.default\">\n\t\t\t\t<div class=\"elementor-widget-container\">\n\t\t\t\t\t\t\t<p><span style=\"color: #666666; letter-spacing: 0.21px; white-space: pre-wrap;\">Obvezna polja <span style=\"color: #e82c19;\">*<\/span><\/span><\/p>\t\t\t\t\t\t<\/div>\n\t\t\t\t<\/div>\n\t\t\t\t\t<\/div>\n\t\t<\/div>\n\t\t\t\t\t<\/div>\n\t\t<\/section>\n\t\t\t\t<\/div>","protected":false},"excerpt":{"rendered":"<p>Kontakt \u010ce imate kakr\u0161na koli vpra\u0161anja nas lahko kontaktirate preko spodnjega obrazca Osnovni podatki Spletna trgovina KOLARUlica Nikola Tesla 9a, 1230 Dom\u017ealeGsm: +386 31 588 611E-mail:\u00a0info@kolar.si Mati\u010dna \u0161t. 9242635000Dav\u010dna \u0161t.: 74371754Zavezanec za DDV: NE Transakcijski ra\u010dun: SI56 023000264528715 (NLB d.d.)BIC: LJBASI2X facebookinstagram Ime (obvezno) Va\u0161 eMail (obvezno) Zadeva Sporo\u010dilo Obvezna polja *<\/p>","protected":false},"author":1,"featured_media":0,"parent":0,"menu_order":0,"comment_status":"closed","ping_status":"closed","template":"","meta":{"_monsterinsights_skip_tracking":false,"_monsterinsights_sitenote_active":false,"_monsterinsights_sitenote_note":"","_monsterinsights_sitenote_category":0,"footnotes":""},"class_list":["post-97513","page","type-page","status-publish","hentry"],"_links":{"self":[{"href":"https:\/\/kolar.si\/en\/wp-json\/wp\/v2\/pages\/97513"}],"collection":[{"href":"https:\/\/kolar.si\/en\/wp-json\/wp\/v2\/pages"}],"about":[{"href":"https:\/\/kolar.si\/en\/wp-json\/wp\/v2\/types\/page"}],"author":[{"embeddable":true,"href":"https:\/\/kolar.si\/en\/wp-json\/wp\/v2\/users\/1"}],"replies":[{"embeddable":true,"href":"https:\/\/kolar.si\/en\/wp-json\/wp\/v2\/comments?post=97513"}],"version-history":[{"count":0,"href":"https:\/\/kolar.si\/en\/wp-json\/wp\/v2\/pages\/97513\/revisions"}],"wp:attachment":[{"href":"https:\/\/kolar.si\/en\/wp-json\/wp\/v2\/media?parent=97513"}],"curies":[{"name":"wp","href":"https:\/\/api.w.org\/{rel}","templated":true}]}}